{"id":143,"date":"2018-01-16T22:03:58","date_gmt":"2018-01-16T21:03:58","guid":{"rendered":"http:\/\/madness-energy.com\/?page_id=143"},"modified":"2018-05-08T08:11:17","modified_gmt":"2018-05-08T07:11:17","slug":"devenir-distributeur","status":"publish","type":"page","link":"https:\/\/madness-energy.com\/index.php\/devenir-distributeur\/","title":{"rendered":"Devenir distributeur"},"content":{"rendered":"<p>Vous souhaitez compl\u00e9ter votre gamme de produits en <strong>proposant une boisson \u00e9nergisante tendance, qualitative et comp\u00e9titive\u00a0?<\/strong><\/p>\n<p>Vous souhaitez vous <strong>lancer dans la distribution de boissons\u00a0?<\/strong><\/p>\n<h3><a href=\"http:\/\/madness-energy.com\/index.php\/contact\/\"><strong><span style=\"color: #0000ff;\">Contactez nous !<\/span><\/strong><\/a><\/h3>\n<h5><strong>Madness r\u00e9pondra \u00e0 vos besoins et nous vous ferons une offre adapt\u00e9e !<\/strong><\/h5>\n<p>&nbsp;<\/p>\n<p>&nbsp;<\/p>\n<p><strong><a href=\"http:\/\/madness-energy.com\/index.php\/devenir-distributeur\/sans-titre\/\" rel=\"attachment wp-att-155\"><img loading=\"lazy\" class=\"alignnone size-large wp-image-155\" src=\"http:\/\/madness-energy.com\/wp-content\/uploads\/2018\/01\/Sans-titre-1024x347.png\" alt=\"\" width=\"790\" height=\"268\" srcset=\"https:\/\/madness-energy.com\/wp-content\/uploads\/2018\/01\/Sans-titre-1024x347.png 1024w, https:\/\/madness-energy.com\/wp-content\/uploads\/2018\/01\/Sans-titre-530x179.png 530w, https:\/\/madness-energy.com\/wp-content\/uploads\/2018\/01\/Sans-titre-300x102.png 300w, https:\/\/madness-energy.com\/wp-content\/uploads\/2018\/01\/Sans-titre-768x260.png 768w, https:\/\/madness-energy.com\/wp-content\/uploads\/2018\/01\/Sans-titre.png 1660w\" sizes=\"(max-width: 790px) 100vw, 790px\" \/><\/a><\/strong><\/p>\n","protected":false},"excerpt":{"rendered":"<p>Vous souhaitez compl\u00e9ter votre gamme de produits en proposant une boisson \u00e9nergisante tendance, qualitative et comp\u00e9titive\u00a0? Vous souhaitez vous lancer dans la distribution de boissons\u00a0? Contactez nous ! Madness r\u00e9pondra \u00e0 vos besoins et nous vous ferons une offre adapt\u00e9e ! &nbsp; &nbsp;<\/p>\n","protected":false},"author":1,"featured_media":0,"parent":0,"menu_order":0,"comment_status":"closed","ping_status":"closed","template":"","meta":[],"_links":{"self":[{"href":"https:\/\/madness-energy.com\/index.php\/wp-json\/wp\/v2\/pages\/143"}],"collection":[{"href":"https:\/\/madness-energy.com\/index.php\/wp-json\/wp\/v2\/pages"}],"about":[{"href":"https:\/\/madness-energy.com\/index.php\/wp-json\/wp\/v2\/types\/page"}],"author":[{"embeddable":true,"href":"https:\/\/madness-energy.com\/index.php\/wp-json\/wp\/v2\/users\/1"}],"replies":[{"embeddable":true,"href":"https:\/\/madness-energy.com\/index.php\/wp-json\/wp\/v2\/comments?post=143"}],"version-history":[{"count":11,"href":"https:\/\/madness-energy.com\/index.php\/wp-json\/wp\/v2\/pages\/143\/revisions"}],"predecessor-version":[{"id":178,"href":"https:\/\/madness-energy.com\/index.php\/wp-json\/wp\/v2\/pages\/143\/revisions\/178"}],"wp:attachment":[{"href":"https:\/\/madness-energy.com\/index.php\/wp-json\/wp\/v2\/media?parent=143"}],"curies":[{"name":"wp","href":"https:\/\/api.w.org\/{rel}","templated":true}]}}