{"id":21,"date":"2017-04-25T11:25:41","date_gmt":"2017-04-25T10:25:41","guid":{"rendered":"http:\/\/madness-energy.com\/?page_id=21"},"modified":"2023-10-12T10:55:00","modified_gmt":"2023-10-12T09:55:00","slug":"presentation","status":"publish","type":"page","link":"https:\/\/madness-energy.com\/","title":{"rendered":"Pr\u00e9sentation"},"content":{"rendered":"<p>D\u00e9couvrez <strong>Madness<\/strong>, la nouvelle boisson \u00e9nergisante qui va rythmer votre quotidien !<\/p>\n<p>Sa composition \u00e0 base de <strong>Taurine et de Caf\u00e9ine<\/strong> ainsi que son <strong>packaging tendance<\/strong> font de <strong>Madness<\/strong> la boisson incontournable pour l&rsquo;organisation de vos soir\u00e9es.<\/p>\n<p>Le format en bouteille d&rsquo;un litre (bouchon refermable) est parfait pour une utilisation professionnelle en bar ou en discoth\u00e8que.<\/p>\n<p><img loading=\"lazy\" class=\"alignnone size-large wp-image-9\" src=\"http:\/\/madness-energy.com\/wp-content\/uploads\/2017\/04\/Madness-recto-724x1024.jpg\" alt=\"Madness recto\" width=\"600\" height=\"849\" \/><\/p>\n<div class=\"\"><span style=\"color: #000000;\"><strong>Madness Energy Drink<\/strong> est la boisson \u00e9nergisante au <strong>meilleur rapport qualit\u00e9 prix<\/strong>.<\/span><\/div>\n<div class=\"\"><span style=\"color: #000000;\">Sa robe noire et dor\u00e9e est tr\u00e8s \u00e9l\u00e9gante, elle illuminera vos bars et les tables de vos clients tout en satisfaisant leurs papilles.<\/span><\/div>\n<div class=\"\"><span style=\"color: #000000;\"><strong>Disponible en format Pet 1L , Pet 50cl, Pet 25cl et slim can 25cl<\/strong> elle r\u00e9pondra \u00e0 tous vos besoins et utilisations.<\/span><\/div>\n\n\n<div class=\"wp-block-image\"><figure class=\"aligncenter size-large is-resized\"><img loading=\"lazy\" src=\"https:\/\/madness-energy.com\/wp-content\/uploads\/2020\/07\/Soda-Can-Madness_sans_Fond-649x1024.png\" alt=\"\" class=\"wp-image-211\" width=\"491\" height=\"774\"\/><\/figure><\/div>\n\n\n\n<ul class=\"wp-block-social-links\"><li class=\"wp-social-link wp-social-link-facebook wp-block-social-link\"><a href=\"https:\/\/www.facebook.com\/Madnessenergy\" aria-label=\"Facebook\" > <svg width=\"24\" height=\"24\" viewBox=\"0 0 24 24\" version=\"1.1\" xmlns=\"http:\/\/www.w3.org\/2000\/svg\" role=\"img\" aria-hidden=\"true\" focusable=\"false\"><path d=\"M12 2C6.5 2 2 6.5 2 12c0 5 3.7 9.1 8.4 9.9v-7H7.9V12h2.5V9.8c0-2.5 1.5-3.9 3.8-3.9 1.1 0 2.2.2 2.2.2v2.5h-1.3c-1.2 0-1.6.8-1.6 1.6V12h2.8l-.4 2.9h-2.3v7C18.3 21.1 22 17 22 12c0-5.5-4.5-10-10-10z\"><\/path><\/svg><\/a><\/li>\n\n\n\n\n\n\n\n<\/ul>\n\n\n\n<p class=\"has-text-align-left\">Retrouvez-nous sur Facebook !<\/p>\n","protected":false},"excerpt":{"rendered":"<p>D\u00e9couvrez Madness, la nouvelle boisson \u00e9nergisante qui va rythmer votre quotidien ! Sa composition \u00e0 base de Taurine et de Caf\u00e9ine ainsi que son packaging tendance font de Madness la boisson incontournable pour l&rsquo;organisation de vos soir\u00e9es. Le format en bouteille d&rsquo;un litre (bouchon refermable) est parfait pour une utilisation&#8230;<\/p>\n","protected":false},"author":1,"featured_media":0,"parent":0,"menu_order":0,"comment_status":"closed","ping_status":"closed","template":"","meta":[],"_links":{"self":[{"href":"https:\/\/madness-energy.com\/index.php\/wp-json\/wp\/v2\/pages\/21"}],"collection":[{"href":"https:\/\/madness-energy.com\/index.php\/wp-json\/wp\/v2\/pages"}],"about":[{"href":"https:\/\/madness-energy.com\/index.php\/wp-json\/wp\/v2\/types\/page"}],"author":[{"embeddable":true,"href":"https:\/\/madness-energy.com\/index.php\/wp-json\/wp\/v2\/users\/1"}],"replies":[{"embeddable":true,"href":"https:\/\/madness-energy.com\/index.php\/wp-json\/wp\/v2\/comments?post=21"}],"version-history":[{"count":11,"href":"https:\/\/madness-energy.com\/index.php\/wp-json\/wp\/v2\/pages\/21\/revisions"}],"predecessor-version":[{"id":297,"href":"https:\/\/madness-energy.com\/index.php\/wp-json\/wp\/v2\/pages\/21\/revisions\/297"}],"wp:attachment":[{"href":"https:\/\/madness-energy.com\/index.php\/wp-json\/wp\/v2\/media?parent=21"}],"curies":[{"name":"wp","href":"https:\/\/api.w.org\/{rel}","templated":true}]}}