{"id":33,"date":"2017-04-25T11:30:19","date_gmt":"2017-04-25T10:30:19","guid":{"rendered":"http:\/\/madness-energy.com\/?page_id=33"},"modified":"2024-03-01T15:58:16","modified_gmt":"2024-03-01T14:58:16","slug":"contact","status":"publish","type":"page","link":"https:\/\/madness-energy.com\/index.php\/contact\/","title":{"rendered":"Contact"},"content":{"rendered":"<h5><strong>Nos conseillers sont \u00e0 votre disposition du lundi au vendredi de 8h \u00e0 19h sans interruption.<\/strong><\/h5>\n<p>Mail: <strong>contact@madness-energy.com<\/strong><\/p>\n<p>Facebook: <strong>Madness Energy Drink<\/strong><\/p>\n<p>Livraison rapide et gratuite<\/p>\n<p>Une \u00e9quipe professionnelle \u00e0 votre \u00e9coute.<\/p>\n","protected":false},"excerpt":{"rendered":"<p>Nos conseillers sont \u00e0 votre disposition du lundi au vendredi de 8h \u00e0 19h sans interruption. Mail: contact@madness-energy.com Facebook: Madness Energy Drink Livraison rapide et gratuite Une \u00e9quipe professionnelle \u00e0 votre \u00e9coute.<\/p>\n","protected":false},"author":1,"featured_media":0,"parent":0,"menu_order":0,"comment_status":"closed","ping_status":"closed","template":"","meta":[],"_links":{"self":[{"href":"https:\/\/madness-energy.com\/index.php\/wp-json\/wp\/v2\/pages\/33"}],"collection":[{"href":"https:\/\/madness-energy.com\/index.php\/wp-json\/wp\/v2\/pages"}],"about":[{"href":"https:\/\/madness-energy.com\/index.php\/wp-json\/wp\/v2\/types\/page"}],"author":[{"embeddable":true,"href":"https:\/\/madness-energy.com\/index.php\/wp-json\/wp\/v2\/users\/1"}],"replies":[{"embeddable":true,"href":"https:\/\/madness-energy.com\/index.php\/wp-json\/wp\/v2\/comments?post=33"}],"version-history":[{"count":8,"href":"https:\/\/madness-energy.com\/index.php\/wp-json\/wp\/v2\/pages\/33\/revisions"}],"predecessor-version":[{"id":301,"href":"https:\/\/madness-energy.com\/index.php\/wp-json\/wp\/v2\/pages\/33\/revisions\/301"}],"wp:attachment":[{"href":"https:\/\/madness-energy.com\/index.php\/wp-json\/wp\/v2\/media?parent=33"}],"curies":[{"name":"wp","href":"https:\/\/api.w.org\/{rel}","templated":true}]}}